{"id":13,"date":"2022-07-07T13:05:39","date_gmt":"2022-07-07T11:05:39","guid":{"rendered":"http:\/\/hvenus.com\/?page_id=13"},"modified":"2023-02-21T15:19:18","modified_gmt":"2023-02-21T14:19:18","slug":"offerte","status":"publish","type":"page","link":"https:\/\/www.hvenus.com\/de\/offerte\/","title":{"rendered":"Angebote"},"content":{"rendered":"<section class=\"wao-blocks-container container-fluid mb-2\"\n\t\t>\n    \n<div class=\"wao-blocks-row row\" >\n    \n\n<div class=\"col-12 col-lg-3\"\n     \n\t \n\t>\n            <\/div>\n\n\n<div class=\"col-12 col-lg-6 pt-3\"\n     \n\t \n\t>\n        \n\n<div class=\"breadcrumb-block text-uppercase text-center mb-4\"\n    >\n    <div class=\"mx-auto font-weight-bold\">\n        <a href=\"https:\/\/www.hvenus.com\/de\" rel=\"nofollow\" title=\"Startseite\">Startseite &gt;<\/a>\n        Angebote    <\/div>\n<\/div>\n\n<div class=\"my-5\">\n  <div class=\"h2 text-Montserrat text-uppercase text-center\">So organisieren Sie Ihren Urlaub in Riccione<\/div>\n  <div class=\"spacer-01 my-3 mx-auto  js--hideme\" data-anim=\"fadeInLeft\"><\/div>\n\n\n<h1 class=\"has-text-align-center wp-block-heading\">Unser Angebot<\/h1>\n\n\n\n<p>Wenn Sie Qualit\u00e4t und Komfort f\u00fcr Ihren Urlaub kombinieren m\u00f6chten, werfen Sie einen Blick auf unsere Angebote: Sie werden ma\u00dfgeschneiderte Sonderpreise finden.<\/p>\n\n\n\n<p>Und zum Erhalt einer <strong>ma\u00dfgeschneidertes Angebot<\/strong> z\u00f6gern Sie nicht, uns zu kontaktieren.<\/p>\n\n\n<\/div>\n    <\/div>\n\n\n<div class=\"col-12 col-lg-3 p-0 d-none d-lg-block\"\n     \n\t \n\t>\n        \n    <figure\n        class=\"wao-blocks-immagine-bkg\"\n        style=\"background: url('') center center \/ cover no-repeat; min-height: 100%;\"\n        >\n            <\/figure>\n\n    <\/div>\n<\/div>\n<\/section>\n\n<section class=\"wao-blocks-container container-fluid mb-3\"\n\t\t>\n    \n<div class=\"wao-blocks-row row\" >\n    \n\n<div class=\"col-12 col-md-12\"\n     \n\t \n\t>\n        \n<div class=\"mx-md-5 mb-5\">\n\n\n\t \n\n\t\t<article class=\"row\">\n\t\t\t<div class=\"col-12\">\n\t\t\t\t<div class=\"text-center alert alert-warning\">\n\t\t\t\t\t<h4>Es tut uns leid, es gibt im Moment keine Angebote<\/h4>\n\t\t\t\t\t<p>Informieren Sie sich auf der Seite Preisliste <a href=\"https:\/\/www.hvenus.com\/de\/listino\/\" title=\"Weiter zur Seite\"> <b>preisliste<\/b> <\/a><\/p>\n\t\t\t\t\t\t\t\t\t<\/div>\n\t\t\t<\/div>\n\t\t<\/article>\n\t\n\n<\/div>\n    <\/div>\n<\/div>\n<\/section>\n\n<section class=\"wao-blocks-container container-fluid mb-3\"\n\t\t>\n    \n<div class=\"wao-blocks-row row\" >\n    \n\n<div class=\"col-12 col-lg-9 position-relative\"\n     \n\t \n\t>\n        \n<div class=\"ml-lg-5\">\n  <iframe src=\"https:\/\/www.google.com\/maps\/embed?pb=!1m18!1m12!1m3!1d109197.71137070764!2d12.645066576110908!3d44.01108439362997!2m3!1f0!2f0!3f0!3m2!1i1024!2i768!4f13.1!3m3!1m2!1s0x132cdd3f551e7ac7%3A0x20c8cf55ff47cd88!2sHotel%20Venus!5e0!3m2!1sit!2sit!4v1674728049992!5m2!1sit!2sit\" width=\"100%\" height=\"500\" style=\"border:0;\" allowfullscreen=\"\" loading=\"lazy\" referrerpolicy=\"no-referrer-when-downgrade\"><\/iframe>\n  <div class=\"position-absolute l--right l--top box-sopra-mappa d-none d-lg-block\"><\/div>\n<\/div>\n    <\/div>\n\n\n<div class=\"col-12 col-lg-3 d-flex align-items-center\"\n     \n\t \n\t>\n        \n<div class=\"p-4\">\n\n\n<h3 class=\"has-text-align-center wp-block-heading\">Strategische Lage<\/h3>\n\n\n\n<p class=\"has-text-align-center\">EIN PAAR SCHRITTE VOM MEER ENTFERNT<\/p>\n\n\n<div class=\"d-flex justify-content-center\">\n<a class=\"d-flex flex-column justify-content-center text-white px-5 g--bkg-dark-01 sweep-to-right\" href=\"https:\/\/www.hvenus.com\/de\/dove-siamo\/\" title=\"Wo wir sind\">\n<span class=\"display-4\"><i class=\"fas fa-horizontal-rule\"><\/i> <i class=\"fa fa-arrow-right\"><\/i><\/span>\n<span class=\"mt-3 text-small\">Wo wir sind<\/span>\n<\/a>\n<\/div>\n<\/div>\n    <\/div>\n<\/div>\n<\/section>\n\n<section class=\"wao-blocks-container container-fluid mb-0 g--bkg-light-01 py-4\"\n\t\t>\n    \n<div class=\"wao-blocks-row row\" >\n    \n\n<div class=\"col-12 col-lg-2 bkg-logo-dorato\"\n     \n\t \n\t>\n            <\/div>\n\n\n<div class=\"col-12 col-lg-9 mb-5\"\n     \n\t \n\t>\n        \n<section class=\"wao-blocks-container container-fluid mb-2\"\n\t\t>\n    \n<div class=\"wao-blocks-row row\" >\n    \n\n<div class=\"col-9\"\n     \n\t \n\t>\n        \n\n<h3 class=\"has-text-align-center wp-block-heading\">Newsletter<\/h3>\n\n\n\n<p class=\"has-text-align-center\">MELDEN SIE SICH AN, UM UNSERE ANGEBOTE ZU ERHALTEN UND ZU BLEIBEN<br>\u00dcBER ALLE NEUIGKEITEN DES HOTELS INFORMIERT.<\/p>\n\n    <\/div>\n<\/div>\n<\/section>\n\n<script src=\"https:\/\/www.google.com\/recaptcha\/enterprise.js?render=6LdKs-6Lc3xMIcAAAAAO2K3CkgGUYb6BcsBOk289jP7NUP\"><\/script>\n<div class=\"wao-blocks-newsletter-v2\">\n    \n<!--IMPORTANTE non cambiare il nome degli id, dei name, dei title, e la classe privacy link-privacy-policy -->\n<div class=\"l--box-newsletter\">\n  <form id=\"iscrizione_newsletter\" class=\"custom\" autocomplete=\"OFF\" method=\"post\" name=\"iscrizione_newsletter\" action=\"\">\n\n\t<section class=\"wao-blocks-container container-fluid\">\n\t  <article class=\"wao-blocks-row row\">\n\t\t<div class=\"col-12 col-lg-10\">\n\t\t\t<div class=\"form-group row\">\n\t\t\t  <div class=\"col-12 col-lg-4 mx-auto mb-2 px-1\"><input id=\"news_nome\" class=\"form-control text-primary rounded-0\" name=\"nome\" type=\"text\" placeholder=\"Name*\"><\/div>\n\t\t\t  <div class=\"col-12 col-lg-4 mx-auto mb-2 px-1\"><input id=\"news_email\" class=\"form-control text-primary rounded-0\" name=\"email\" type=\"text\" value=\"\" placeholder=\"E-Mail*\"><\/div>\n\t\t\t  <div id=\"newsletter\" class=\"col-12 col-lg-4 mx-auto px-1\">\n\t\t\t\t<input id=\"news_privacy\" style=\"width: 30px; height: 30px;\" name=\"news_privacy\" type=\"checkbox\" value=\"on\">\n\t\t\t\t<label style=\"vertical-align: text-bottom; font-size: 20px; \" for=\"news_privacy\">\n\t\t\t\t  *<small><a class=\"privacy link-privacy-policy\" style=\"cursor: pointer;\" title=\"Datenschutz\">Ich akzeptiere die Privatsph\u00e4re<\/a><\/small>\n\t\t\t\t<\/label>\n\t\t\t  <\/div>\n\t\t\t<\/div> \n\t\t<\/div>\n\t\t<div class=\"col-12 col-lg-2 position-relative\">\n\t\t\t<button id=\"iscrizioneNewsletter\" class=\"d-flex flex-column justify-content-center text-white px-5 g--bkg-dark-01 sweep-to-right position l--top\" data-cof=\"true\" data-cof-rule=\"margin-top, 0, 0, 0, -20%, -20%\" type=\"submit\">\n\t\t\t\t<span class=\"display-4\"><i class=\"fas fa-horizontal-rule\"><\/i> <i class=\"fa fa-arrow-right\"><\/i><\/span>\n\t\t\t\t<span class=\"mt-3 text-small\">JOIN<\/span>\n\t\t<\/button>\n\t\t<\/div>\n\t  <\/article>\n\t<\/section>\n\t<input name=\"dominio\" type=\"hidden\" value=\"https:\/\/www.hvenus.com\/de\/\">\n\t<input name=\"idHotel\" type=\"hidden\" value=\"\">\n\t<input name=\"lingua\" type=\"hidden\" value=\"it\">\n  <input type=\"hidden\" name=\"trp-form-language\" value=\"de\"\/><\/form>\n<\/div>\n\n<div id=\"divAlert\" class=\"h-50 w-50 m-auto alert-info d-none\" style=\"position: fixed; top: 10px; left: 10px; right: 10px; bottom: 10px; z-index: 2000; overflow: auto;\">\n<div class=\"text-right\"><a class=\"btn btn-primary btn_chiudi\" href=\"javascript:void(0)\" onclick=\"location.reload(true);\"><i class=\"fa fa-times\" aria-hidden=\"true\"><\/i><\/a><\/div>\n<div class=\"text-center alert-info l--align-middle-vertical\" style=\"height: calc(100% - 50px);\">\n<div class=\"logo\"><\/div>\n<div class=\"text-center h-50 w-50\"><i class=\"fa fa-paper-plane\" aria-hidden=\"true\"><\/i>\n<h4>Newsletter-Anmeldung erfolgreich abgeschlossen<\/h4>\n<\/div>\n<\/div>\n<\/div>\n<\/div>\n    <\/div>\n<\/div>\n<\/section>\n\n<section class=\"wao-blocks-container container-fluid mb-0 bkg-rombi-rossi\"\n\t\t>\n    \n<div class=\"wao-blocks-row row\" >\n    \n\n<div class=\"col-12 col-md-12 pt-4  px-0 p-md-3 bkg-recensioni\"\n     \n\t \n\t>\n        \n\n<h4 class=\"wp-block-heading has-text-align-center text-secondary h3\">Unsere Zufriedenheit sind Sie!<\/h4>\n\n\n\n<p class=\"has-text-align-center text-white text-uppercase\">Die Bewertungen<\/p>\n\n\n\n<div class=\"mx-auto wao-blocks-recensioni text-center g--bkg-light-04 w-md-50 text-Montserrat\"  id=\"slider\">\n    <div class=\"mx-auto text-center p-3\">\n        <blockquote>\n            <div class=\"js--slider\" data-fade=\"true\" data-dots=\"true\" data-speed=\"1200\" data-toscroll=\"1\" data-autoplay=\"true\" data-toshow=\"1\" data-toshowsm=\"1\" data-toshowxs=\"1\" data-autoplay-speed=\"4000\" role=\"toolbar\">\n                \n                    <div classname=\"d-block slick-slide\" data-slick-index=\"0\" aria-hidden=\"true\">\n                                                <h4>Entspannungsurlaub<\/h4>\n                        <p>Ausgezeichnetes familiengef\u00fchrtes Hotel, das von den Eigent\u00fcmern geleitet wird, die ihren hohen Anspr\u00fcchen als Gastgeber gerecht werden. Sauberkeit, H\u00f6flichkeit und Freundlichkeit waren das Gebot der Stunde, zus\u00e4tzlich zu den k\u00f6stlichen Gerichten. Das Hotel habe ich zuf\u00e4llig beim Surfen im Internet gefunden, aber wenn ich jemals wieder nach Riccione komme, wird es ganz oben auf meiner Liste stehen. Die romagnolische Freundlichkeit und Kompetenz hat gesiegt. KOMPLIMENTE.<\/p>\n                        <strong>\n                            <i><\/i>\n                        <\/strong>\n                    <\/div>\n                \n                    <div classname=\"d-block slick-slide\" data-slick-index=\"1\" aria-hidden=\"true\">\n                                                <h4>Es f\u00fchlt sich an wie zu Hause<\/h4>\n                        <p>Hotel consigliatomi, wir hatten eine tolle Zeit, es f\u00fchlt sich wie zu Hause, die Besitzer Fabio, Paola, und ihre S\u00f6hne Emanuele und Enea immer bereit f\u00fcr Kundenw\u00fcnsche, auch die Nacht Service freundliche Person. Ausgezeichnetes Men\u00fc mit Buffet zu jeder Mahlzeit. Ich werde n\u00e4chstes Jahr wiederkommen<\/p>\n                        <strong>\n                            <i><\/i>\n                        <\/strong>\n                    <\/div>\n                \n                    <div classname=\"d-block slick-slide\" data-slick-index=\"2\" aria-hidden=\"true\">\n                                                <h4>Ausgezeichnet<\/h4>\n                        <p>Sehr freundliches und hilfsbereites Personal, ausgezeichnetes und reichhaltiges Fr\u00fchst\u00fcck mit einer gro\u00dfen Auswahl an s\u00fc\u00dfen und herzhaften Speisen. Bequeme Fahrr\u00e4der stehen von morgens bis nachmittags zur Verf\u00fcgung. Das Hotel liegt in der N\u00e4he von sch\u00f6nen privaten Str\u00e4nden, aber auch frei. Parkplatz vorhanden, sehr praktisch, wenn Sie planen, auch in der Nacht zu bewegen.<\/p>\n                        <strong>\n                            <i><\/i>\n                        <\/strong>\n                    <\/div>\n                            <\/div>\n        <\/blockquote>\n        <div class=\"d-block mx-auto\" style=\"height:50px;\"><\/div>\n    <\/div>\n<\/div>\n\n<div class=\"d-flex justify-content-center my-4\">\n  <div class=\"text-center d-flex flex-column mx-md-4 mx-0\"><p class=\"h1 text-white mb-0\">5 von 5<\/p><p class=\"text-secondary\">TRIPADVISOR<\/p><\/div>\n  <div class=\"text-center d-flex flex-column mx-md-4 mx-1\"><p class=\"h1 text-white mb-0\">8,7 von 10<\/p><p class=\"text-secondary\">BUCHUNG<\/p><\/div>\n  <div class=\"text-center d-flex flex-column mx-md-4 mx-0\"><p class=\"h1 text-white mb-0\">4,5 von 5<\/p><p class=\"text-secondary\">GOOGLE<\/p><\/div>\n<\/div>\n<div class=\"text-center mb-5\"><img decoding=\"async\" src=\"https:\/\/www.hvenus.com\/wp-content\/uploads\/2023\/01\/decori.png\" class=\"js-lazy-load\" alt=\"Dekoration der Herzen\"><\/div>\n    <\/div>\n<\/div>\n<\/section>\n\n<section class=\"wao-blocks-container container-fluid mb-0 g--bkg-light-01 py-4\"\n\t\t>\n    \n<div class=\"wao-blocks-row row\" >\n    \n\n<div class=\"col-12 col-lg-5 bkg_puntiforza pb-5\"\n     \n\t \n\t>\n        \n\n<h3 class=\"has-text-align-center mb-0 wp-block-heading\">St\u00e4rken<\/h3>\n\n\n\n<p class=\"has-text-align-center mb-5\">ALLES WAS SIE WOLLEN<\/p>\n\n\n<div class=\"position-relative\"> \n  <div class=\"position-absolute l--bottom text-center text-Abril\" style=\"color: #BCB5B3;font-size: 70px;bottom: -0.5rem\">1<\/div>\n  <div class=\"text-center font-weight-bold position-relative\" style=\"z-index:100\">GROSSER PARKPLATZ<\/div>\n  <div class=\"border-bottom-2 text-center mt-2 mx-auto g--b-c-01\" style=\"width:40px\"><\/div>\n<\/div>\n<div class=\"position-relative mt-5\"> \n  <div class=\"position-absolute l--bottom text-center text-Abril\" style=\"color: #BCB5B3;font-size: 70px;bottom: -0.5rem\">2<\/div>\n  <div class=\"text-center font-weight-bold position-relative\" style=\"z-index:100\">OFFENE BAR IMMER INKLUSIVE<\/div>\n  <div class=\"border-bottom-2 text-center mt-2 mx-auto g--b-c-01\" style=\"width:40px\"><\/div>\n<\/div>\n<div class=\"position-relative mt-5\"> \n  <div class=\"position-absolute l--bottom text-center text-Abril\" style=\"color: #BCB5B3;font-size: 70px;bottom: -0.5rem\">3<\/div>\n  <div class=\"text-center font-weight-bold position-relative\" style=\"z-index:100\">DIENSTLEISTUNGEN F\u00dcR KINDER<\/div>\n  <div class=\"border-bottom-2 text-center mt-2 mx-auto g--b-c-01\" style=\"width:40px\"><\/div>\n<\/div>\n<div class=\"position-relative mt-5\"> \n  <div class=\"position-absolute l--bottom text-center text-Abril\" style=\"color: #BCB5B3;font-size: 70px;bottom: -0.5rem\">4<\/div>\n  <div class=\"text-center font-weight-bold position-relative\" style=\"z-index:100\">RUHIGE LAGE IN MEERESN\u00c4HE<\/div>\n  <div class=\"border-bottom-2 text-center mt-2 mx-auto g--b-c-01\" style=\"width:40px\"><\/div>\n<\/div>\n    <\/div>\n\n\n<div class=\"col-12 col-lg-6\"\n     \n\t \n\t>\n        \n<section class=\"wao-blocks-container container-fluid mb-2\"\n\t\t>\n    \n<div class=\"wao-blocks-row row\" >\n    \n\n<div class=\"col-12 col-md-12\"\n     \n\t \n\t>\n        \n\n<h3 class=\"wp-block-heading has-text-align-center\">Kostenloses Angebot anfordern<\/h3>\n\n\n\n<div class=\"merida_root\" id=\"merida_block\"><\/div>\n\n<script>\nvar merida_config_merida_block = {\n    customerId: 2704 ,\n    showSuccessModal : true,\n    rootEl: \"merida_block\",\n    childrenAgeMax: 16,\n    childrenAgeMin: 0,\n    layout: \"compact\",\n    language: \"de\",\n        phoneRequired: true,\n            theme : {\n        colors: {\n            primary: '#aa8641',\n            primaryTextAlt: '#ffffff',\n            secondary: '#450d0d',\n            secondaryTextAlt: '#ffffff',\n            text: '#8b2b3d',\n            error: '#cc0033',\n            formBackground: '#f4f4f4',\n            label: '#450d0d',\n            labelInput: '#450d0d',\n            labelInputActive: '#7ebd6d',\n            inputBackground: '#ffffff',\n            inputBorder: '#b8ac99',\n            checkboxBorder: '#ffffff',\n        }\n    },\n    onSuccess : function(res) {\n        \n                        if (typeof(ga) !== 'undefined') {\n                   ga('send', 'event', 'Email', 'Invio', 'Form');\n                }\n                    }\n};\n\n(function(url, cb) {\n    var s = document.createElement(\"script\");\n    s.type = \"text\/javascript\";\n\n    if (s.readyState) { \/\/IE\n        s.onreadystatechange = function() {\n            if (s.readyState == \"loaded\" || s.readyState == \"complete\") {\n                s.onreadystatechange = null;\n                cb();\n            }\n        };\n    } else { \/\/Others\n        s.onload = function() {\n            cb();\n        };\n    }\n\n    s.src = url;\n    document.getElementsByTagName(\"head\")[0].appendChild(s);\n})(\"https:\/\/static.adriasonline.it\/merida\/latest\/merida.js\", function() {\n    window.aoForm = merida(merida_config_merida_block);\n});\n<\/script>\n    <\/div>\n<\/div>\n<\/section>\n    <\/div>\n<\/div>\n<\/section>","protected":false},"excerpt":{"rendered":"","protected":false},"author":1,"featured_media":0,"parent":0,"menu_order":0,"comment_status":"closed","ping_status":"closed","template":"page-offerte.php","meta":{"footnotes":""},"class_list":["post-13","page","type-page","status-publish","hentry"],"_links":{"self":[{"href":"https:\/\/www.hvenus.com\/de\/wp-json\/wp\/v2\/pages\/13","targetHints":{"allow":["GET"]}}],"collection":[{"href":"https:\/\/www.hvenus.com\/de\/wp-json\/wp\/v2\/pages"}],"about":[{"href":"https:\/\/www.hvenus.com\/de\/wp-json\/wp\/v2\/types\/page"}],"author":[{"embeddable":true,"href":"https:\/\/www.hvenus.com\/de\/wp-json\/wp\/v2\/users\/1"}],"replies":[{"embeddable":true,"href":"https:\/\/www.hvenus.com\/de\/wp-json\/wp\/v2\/comments?post=13"}],"version-history":[{"count":32,"href":"https:\/\/www.hvenus.com\/de\/wp-json\/wp\/v2\/pages\/13\/revisions"}],"predecessor-version":[{"id":1335,"href":"https:\/\/www.hvenus.com\/de\/wp-json\/wp\/v2\/pages\/13\/revisions\/1335"}],"wp:attachment":[{"href":"https:\/\/www.hvenus.com\/de\/wp-json\/wp\/v2\/media?parent=13"}],"curies":[{"name":"wp","href":"https:\/\/api.w.org\/{rel}","templated":true}]}}