{"id":761,"date":"2023-01-30T14:19:56","date_gmt":"2023-01-30T13:19:56","guid":{"rendered":"http:\/\/hvenus.com\/?page_id=761"},"modified":"2023-05-31T14:34:48","modified_gmt":"2023-05-31T12:34:48","slug":"famiglie","status":"publish","type":"page","link":"https:\/\/www.hvenus.com\/fr\/famiglie\/","title":{"rendered":"Familles"},"content":{"rendered":"<section class=\"wao-blocks-container container-fluid mb-0\"\n\t\t>\n    \n<div class=\"wao-blocks-row row\" >\n    \n\n<div class=\"col-12 col-md-12 position-relative p-0\"\n     \n\t \n\t>\n        \n\n<div id=\"flc-carousel\" data-cellalign=\"center\" data-bglazyload=\"1\" data-freescroll=\"false\" data-wraparound=\"true\" data-autoplay=\"5000\" data-pauseautoplayonhover =\"true\" data-prevnextbuttons=\"false\" data-contain=\"true\" data-pagedots=\"true\" data-draggable=\"false\" data-groupcells=\"1\" data-fade=\"false\" class=\"js--flickity wao-blocks-slider mb-0 flc-carousel-25753\"  style=\"margin-bottom: 35px\">\n\n                            <div class=\"w-100\">\n                    \n    <div style='background: url(https:\/\/www.hvenus.com\/wp-content\/uploads\/2023\/01\/bkg-famiglie.jpg)center center ; background-blend-mode: multiply; background-size: cover; height: 60vh; background-position: 50% 50%;' class='wao-blocks-flc-banner'>\n        <div \n            class='carousel-caption mobile-tablet-centered text-left' \n                        style='max-width: 700px; bottom: 0; background-color:  ; margin:  auto            '>\n            \n\n        <\/div>\n        <style>\n            @media screen and (max-width: 992px) {\n                .mobile-tablet-centered {\n                    margin: auto !important;\n                }\n            }\n        <\/style>\n    <\/div>\n    \n                <\/div>\n            \n<\/div>\n\n<div class=\"w-100 h-100 z-index-5 position-absolute l--top l--left bkg_overlay\">\n   <div class=\"align-items-end justify-content-center h-100 d-none d-md-flex pb-4 position-relative\" >\n      <div class=\"position-absolute l--bottom mb-3\">\n          <p class=\"slogan text-center text-Abril\">Famille heureuse<br>\u00e0 l'h\u00f4tel Venus<\/p>\n     <\/div>\n  <\/div>\n<\/div>\n\n    <\/div>\n<\/div>\n<\/section>\n\n<section class=\"wao-blocks-container container-fluid mb-0\"\n\t\t>\n    \n<div class=\"wao-blocks-row row\" >\n    \n\n<div class=\"col-12 col-lg-3\"\n     \n\t \n\t>\n            <\/div>\n\n\n<div class=\"col-12 col-lg-6 pt-3 mb-5\"\n     \n\t \n\t>\n        \n\n<div class=\"breadcrumb-block text-uppercase text-center mb-4\"\n    >\n    <div class=\"mx-auto font-weight-bold\">\n        <a href=\"https:\/\/www.hvenus.com\/fr\" rel=\"nofollow\" title=\"Accueil\">Accueil &gt;<\/a>\n        Familles    <\/div>\n<\/div>\n\n<div class=\"h2 text-Montserrat text-uppercase text-center\">Avec nous, vous pouvez<\/div>\n<div class=\"spacer-01 my-3 mx-auto  js--hideme\" data-anim=\"fadeInLeft\"><\/div>\n\n\n<h1 class=\"wp-block-heading has-text-align-center\">Profiter des bons moments en famille<\/h1>\n\n\n\n<p>Qui mieux qu'une famille peut conna\u00eetre les besoins et les souhaits de maman, papa et des enfants en vacances ?<\/p>\n\n\n\n<p><strong>Fabio et Paola<\/strong>qui, avec leurs enfants<strong> Emanuel et \u00c9n\u00e9e<\/strong>Ils chouchoutent toutes les familles des clients avec des soins et des services sp\u00e9ciaux, combin\u00e9s \u00e0 leur professionnalisme et \u00e0 leurs sourires.<\/p>\n\n    <\/div>\n\n\n<div class=\"col-12 col-lg-3 p-0 d-none d-lg-block\"\n     \n\t \n\t>\n        \n    <figure\n        class=\"wao-blocks-immagine-bkg\"\n        style=\"background: url('https:\/\/www.hvenus.com\/wp-content\/uploads\/2023\/01\/bkg-pagine-interne2.png') center center \/ cover no-repeat; min-height: 100%;\"\n        >\n            <\/figure>\n\n    <\/div>\n<\/div>\n<\/section>\n\n<section class=\"wao-blocks-container container-fluid mb-3 g--bkg-light-01\"\n\t\t>\n    \n<div class=\"wao-blocks-row row\" >\n    \n\n<div class=\"col-12 col-lg-5 p-0 d-flex align-items-center height-700 z-index-1\"\n     \n\t \n\t>\n        \n<div class=\"home-banner-container g--bkg-light-04 ml-6 p-5\">\n\n\n<p class=\"text-uppercase\">Un plongeon dans le plaisir familial<\/p>\n\n\n<div class=\"spacer-01 my-3 js--hideme\" data-anim=\"fadeInLeft\"><\/div>\n\n\n<h2 class=\"wp-block-heading h3\">Parc aquatique gratuit et illimit\u00e9<\/h2>\n\n\n\n<p>Si vous et votre famille n'avez pas envie d'aller \u00e0 la plage aujourd'hui, ne manquez pas l'occasion d'aller \u00e0 la plage. <strong>Village de la plage <\/strong>de Riccione : le <strong>Les entr\u00e9es pour nos invit\u00e9s sont gratuites et illimit\u00e9es !<\/strong><\/p>\n\n\n\n<p>Le parc se trouve tout pr\u00e8s des plages de nos partenaires et vous attend avec des toboggans et des piscines de diff\u00e9rentes hauteurs, pour un plaisir garanti pour toute la famille !<\/p>\n\n\n<\/div>\n    <\/div>\n\n\n<div class=\"col-12 col-lg-7 p-0\"\n     \n\t \n\t>\n        \n    <figure\n        class=\"wao-blocks-immagine-bkg min-height-100 js--hideme\"\n        style=\"background: url('https:\/\/www.hvenus.com\/wp-content\/uploads\/2023\/01\/parchi-acquaici.jpg') center center \/ cover no-repeat;\"\n        data-anim=\"fadeInRight\" >\n            <\/figure>\n\n    <\/div>\n<\/div>\n<\/section>\n\n<section class=\"wao-blocks-container container-fluid mb-5\"\n\t\t>\n    \n<div class=\"wao-blocks-row row\" >\n    \n\n<div class=\"col-6 order-lg-1 order-2 position-relative p-0\"\n     \n\t \n\t>\n        \n<div class=\"text-center\">\n  <img decoding=\"async\" src=\"https:\/\/www.hvenus.com\/wp-content\/uploads\/2023\/01\/bimbi-ristorante.jpg\" class=\"js--lazy-load img-fluid\" alt=\"Enfants dans l&#039;h\u00f4tel\">\n<\/div>\n    <\/div>\n\n\n<div class=\"col-12 col-lg-5 d-flex flex-column justify-content-center p-5 order-lg-2 order-1\"\n     \n\t \n\t>\n        \n\n<p class=\"text-uppercase\">Services pour enfants au restaurant et en chambre<\/p>\n\n\n<div class=\"spacer-01 my-3 js--hideme\" data-anim=\"fadeInRight\"><\/div>\n\n\n<h3 class=\"wp-block-heading\">Un coucher heureux et paisible<\/h3>\n\n\n\n<p>\u00c0 l'h\u00f4tel Venus, les enfants sont des invit\u00e9s sp\u00e9ciaux, c'est pourquoi nous prenons soin d'eux. <strong>Dans le restaurant<\/strong> chaises hautes, kit de couverts et, sur demande, entr\u00e9e anticip\u00e9e dans la salle et variations de menus.<\/p>\n\n\n\n<p><strong>Dans la chambre<\/strong> Au lieu de cela, nous les accueillons avec des lits d'enfants, des lits d'enfants et des lits d'enfants pour un repos s\u00fbr et la tranquillit\u00e9 d'esprit pour maman et papa aussi. En cas de besoin, n'h\u00e9sitez pas \u00e0 contacter notre bureau d'accueil. <strong>p\u00e9diatre de confiance.<\/strong><\/p>\n\n    <\/div>\n<\/div>\n<\/section>\n\n<section class=\"wao-blocks-container container-fluid mb-3\"\n\t\t>\n    \n<div class=\"wao-blocks-row row\" >\n    \n\n<div class=\"col-12 col-lg-9 position-relative\"\n     \n\t \n\t>\n        \n<div class=\"ml-lg-5\">\n  <iframe src=\"https:\/\/www.google.com\/maps\/embed?pb=!1m18!1m12!1m3!1d109197.71137070764!2d12.645066576110908!3d44.01108439362997!2m3!1f0!2f0!3f0!3m2!1i1024!2i768!4f13.1!3m3!1m2!1s0x132cdd3f551e7ac7%3A0x20c8cf55ff47cd88!2sHotel%20Venus!5e0!3m2!1sit!2sit!4v1674728049992!5m2!1sit!2sit\" width=\"100%\" height=\"500\" style=\"border:0;\" allowfullscreen=\"\" loading=\"lazy\" referrerpolicy=\"no-referrer-when-downgrade\"><\/iframe>\n  <div class=\"position-absolute l--right l--top box-sopra-mappa d-none d-lg-block\"><\/div>\n<\/div>\n    <\/div>\n\n\n<div class=\"col-12 col-lg-3 d-flex align-items-center\"\n     \n\t \n\t>\n        \n<div class=\"p-4\">\n\n\n<h3 class=\"has-text-align-center wp-block-heading\">Situation strat\u00e9gique<\/h3>\n\n\n\n<p class=\"has-text-align-center\">\u00c0 QUELQUES PAS DE LA MER<\/p>\n\n\n<div class=\"d-flex justify-content-center\">\n<a class=\"d-flex flex-column justify-content-center text-white px-5 g--bkg-dark-01 sweep-to-right\" href=\"https:\/\/www.hvenus.com\/fr\/ou-nous-sommes\/\" title=\"O\u00f9 nous sommes\">\n<span class=\"display-4\"><i class=\"fas fa-horizontal-rule\"><\/i> <i class=\"fa fa-arrow-right\"><\/i><\/span>\n<span class=\"mt-3 text-small\">O\u00f9 nous sommes<\/span>\n<\/a>\n<\/div>\n<\/div>\n    <\/div>\n<\/div>\n<\/section>\n\n<section class=\"wao-blocks-container container-fluid mb-0 g--bkg-light-01 py-4\"\n\t\t>\n    \n<div class=\"wao-blocks-row row\" >\n    \n\n<div class=\"col-12 col-lg-2 bkg-logo-dorato\"\n     \n\t \n\t>\n            <\/div>\n\n\n<div class=\"col-12 col-lg-9 mb-5\"\n     \n\t \n\t>\n        \n<section class=\"wao-blocks-container container-fluid mb-2\"\n\t\t>\n    \n<div class=\"wao-blocks-row row\" >\n    \n\n<div class=\"col-9\"\n     \n\t \n\t>\n        \n\n<h3 class=\"has-text-align-center wp-block-heading\">Bulletin d'information<\/h3>\n\n\n\n<p class=\"has-text-align-center\">INSCRIVEZ-VOUS POUR RECEVOIR NOS OFFRES ET RESTER<br>MIS \u00c0 JOUR SUR TOUTES LES NOUVELLES DE L'H\u00d4TEL.<\/p>\n\n    <\/div>\n<\/div>\n<\/section>\n\n<script src=\"https:\/\/www.google.com\/recaptcha\/enterprise.js?render=6LdKs-6Lc3xMIcAAAAAO2K3CkgGUYb6BcsBOk289jP7NUP\"><\/script>\n<div class=\"wao-blocks-newsletter-v2\">\n    \n<!--IMPORTANTE non cambiare il nome degli id, dei name, dei title, e la classe privacy link-privacy-policy -->\n<div class=\"l--box-newsletter\">\n  <form id=\"iscrizione_newsletter\" class=\"custom\" autocomplete=\"OFF\" method=\"post\" name=\"iscrizione_newsletter\" action=\"\">\n\n\t<section class=\"wao-blocks-container container-fluid\">\n\t  <article class=\"wao-blocks-row row\">\n\t\t<div class=\"col-12 col-lg-10\">\n\t\t\t<div class=\"form-group row\">\n\t\t\t  <div class=\"col-12 col-lg-4 mx-auto mb-2 px-1\"><input id=\"news_nome\" class=\"form-control text-primary rounded-0\" name=\"nome\" type=\"text\" placeholder=\"Nom*\"><\/div>\n\t\t\t  <div class=\"col-12 col-lg-4 mx-auto mb-2 px-1\"><input id=\"news_email\" class=\"form-control text-primary rounded-0\" name=\"email\" type=\"text\" value=\"\" placeholder=\"Courriel*\"><\/div>\n\t\t\t  <div id=\"newsletter\" class=\"col-12 col-lg-4 mx-auto px-1\">\n\t\t\t\t<input id=\"news_privacy\" style=\"width: 30px; height: 30px;\" name=\"news_privacy\" type=\"checkbox\" value=\"on\">\n\t\t\t\t<label style=\"vertical-align: text-bottom; font-size: 20px; \" for=\"news_privacy\">\n\t\t\t\t  *<small><a class=\"privacy link-privacy-policy\" style=\"cursor: pointer;\" title=\"confidentialit\u00e9\">J'accepte la confidentialit\u00e9<\/a><\/small>\n\t\t\t\t<\/label>\n\t\t\t  <\/div>\n\t\t\t<\/div> \n\t\t<\/div>\n\t\t<div class=\"col-12 col-lg-2 position-relative\">\n\t\t\t<button id=\"iscrizioneNewsletter\" class=\"d-flex flex-column justify-content-center text-white px-5 g--bkg-dark-01 sweep-to-right position l--top\" data-cof=\"true\" data-cof-rule=\"margin-top, 0, 0, 0, -20%, -20%\" type=\"submit\">\n\t\t\t\t<span class=\"display-4\"><i class=\"fas fa-horizontal-rule\"><\/i> <i class=\"fa fa-arrow-right\"><\/i><\/span>\n\t\t\t\t<span class=\"mt-3 text-small\">JOIN<\/span>\n\t\t<\/button>\n\t\t<\/div>\n\t  <\/article>\n\t<\/section>\n\t<input name=\"dominio\" type=\"hidden\" value=\"https:\/\/www.hvenus.com\/fr\/\">\n\t<input name=\"idHotel\" type=\"hidden\" value=\"\">\n\t<input name=\"lingua\" type=\"hidden\" value=\"it\">\n  <input type=\"hidden\" name=\"trp-form-language\" value=\"fr\"\/><\/form>\n<\/div>\n\n<div id=\"divAlert\" class=\"h-50 w-50 m-auto alert-info d-none\" style=\"position: fixed; top: 10px; left: 10px; right: 10px; bottom: 10px; z-index: 2000; overflow: auto;\">\n<div class=\"text-right\"><a class=\"btn btn-primary btn_chiudi\" href=\"javascript:void(0)\" onclick=\"location.reload(true);\"><i class=\"fa fa-times\" aria-hidden=\"true\"><\/i><\/a><\/div>\n<div class=\"text-center alert-info l--align-middle-vertical\" style=\"height: calc(100% - 50px);\">\n<div class=\"logo\"><\/div>\n<div class=\"text-center h-50 w-50\"><i class=\"fa fa-paper-plane\" aria-hidden=\"true\"><\/i>\n<h4>inscription \u00e0 la newsletter termin\u00e9e avec succ\u00e8s<\/h4>\n<\/div>\n<\/div>\n<\/div>\n<\/div>\n    <\/div>\n<\/div>\n<\/section>\n\n<section class=\"wao-blocks-container container-fluid mb-0 bkg-rombi-rossi\"\n\t\t>\n    \n<div class=\"wao-blocks-row row\" >\n    \n\n<div class=\"col-12 col-md-12 pt-4  px-0 p-md-3 bkg-recensioni\"\n     \n\t \n\t>\n        \n\n<h4 class=\"wp-block-heading has-text-align-center text-secondary h3\">Ce que les familles disent de nous<\/h4>\n\n\n\n<p class=\"has-text-align-center text-white text-uppercase\">Les critiques<\/p>\n\n\n\n<div class=\"mx-auto wao-blocks-recensioni text-center g--bkg-light-04 w-md-50 text-Montserrat\"  id=\"slider\">\n    <div class=\"mx-auto text-center p-3\">\n        <blockquote>\n            <div class=\"js--slider\" data-fade=\"true\" data-dots=\"true\" data-speed=\"1200\" data-toscroll=\"1\" data-autoplay=\"true\" data-toshow=\"1\" data-toshowsm=\"1\" data-toshowxs=\"1\" data-autoplay-speed=\"4000\" role=\"toolbar\">\n                \n                    <div classname=\"d-block slick-slide\" data-slick-index=\"0\" aria-hidden=\"true\">\n                                                <h4>Excellent<\/h4>\n                        <p>A quelques pas de la mer, chambre propre et amabilit\u00e9 des propri\u00e9taires, petit d\u00e9jeuner copieux, aire de jeux pour les enfants et prix avantageux... d'accord avec le lido 128 qui dit bravo en effet ! Merci beaucoup et \u00e0 bient\u00f4t.<\/p>\n                        <strong>\n                            <i><\/i>\n                        <\/strong>\n                    <\/div>\n                \n                    <div classname=\"d-block slick-slide\" data-slick-index=\"1\" aria-hidden=\"true\">\n                                                <h4>Des vacances parfaites !<\/h4>\n                        <p>Quelques mots... TOUT EST PARFAIT. Dans cet h\u00f4tel vous trouverez : courtoisie, propret\u00e9, excellent, nourriture bonne et abondante, parking \u00e0 c\u00f4t\u00e9 de l'h\u00f4tel, tr\u00e8s pratique. Excellent petit d\u00e9jeuner, il y a tout.<br>Tr\u00e8s bon rapport qualit\u00e9\/prix.<br>Recommand\u00e9 ! !!<br>F\u00e9licitations \u00e0 toute la famille : Fabio, Paola, Emanuele, Enea et tout le personnel.<\/p>\n                        <strong>\n                            <i><\/i>\n                        <\/strong>\n                    <\/div>\n                \n                    <div classname=\"d-block slick-slide\" data-slick-index=\"2\" aria-hidden=\"true\">\n                                                <h4>Vacances \u00e0 Riccione<\/h4>\n                        <p>Nous avons pass\u00e9 12 nuits dans cet h\u00f4tel et avons pass\u00e9 un excellent moment.<br>G\u00e9r\u00e9 par Fabio et sa famille tous tr\u00e8s bon et amical. Enea Emanuele super bon et amical et aussi le tr\u00e8s gentil Marilena ... tr\u00e8s abondante et bonne nourriture ... Je recommande<\/p>\n                        <strong>\n                            <i><\/i>\n                        <\/strong>\n                    <\/div>\n                            <\/div>\n        <\/blockquote>\n        <div class=\"d-block mx-auto\" style=\"height:50px;\"><\/div>\n    <\/div>\n<\/div>\n\n<div class=\"d-flex justify-content-center my-4\">\n  <div class=\"text-center d-flex flex-column mx-md-4 mx-0\"><p class=\"h1 text-white mb-0\">5 sur 5<\/p><p class=\"text-secondary\">TRIPADVISOR<\/p><\/div>\n  <div class=\"text-center d-flex flex-column mx-md-4 mx-1\"><p class=\"h1 text-white mb-0\">8,6 sur 10<\/p><p class=\"text-secondary\">R\u00c9SERVATION<\/p><\/div>\n  <div class=\"text-center d-flex flex-column mx-md-4 mx-0\"><p class=\"h1 text-white mb-0\">4,5 sur 5<\/p><p class=\"text-secondary\">GOOGLE<\/p><\/div>\n<\/div>\n<div class=\"text-center mb-5\"><img decoding=\"async\" src=\"https:\/\/www.hvenus.com\/wp-content\/uploads\/2023\/01\/decori.png\" class=\"js-lazy-load\" alt=\"D\u00e9coration de c\u0153urs\"><\/div>\n    <\/div>\n<\/div>\n<\/section>\n\n<section class=\"wao-blocks-container container-fluid mb-0 g--bkg-light-01 py-4\"\n\t\t>\n    \n<div class=\"wao-blocks-row row\" >\n    \n\n<div class=\"col-12 col-lg-5 bkg_puntiforza pb-5\"\n     \n\t \n\t>\n        \n\n<h3 class=\"has-text-align-center mb-0 wp-block-heading\">Points forts<\/h3>\n\n\n\n<p class=\"has-text-align-center mb-5\">TOUT CE QUE VOUS VOULEZ<\/p>\n\n\n<div class=\"position-relative\"> \n  <div class=\"position-absolute l--bottom text-center text-Abril\" style=\"color: #BCB5B3;font-size: 70px;bottom: -0.5rem\">1<\/div>\n  <div class=\"text-center font-weight-bold position-relative\" style=\"z-index:100\">GRAND PARKING POUR VOITURES<\/div>\n  <div class=\"border-bottom-2 text-center mt-2 mx-auto g--b-c-01\" style=\"width:40px\"><\/div>\n<\/div>\n<div class=\"position-relative mt-5\"> \n  <div class=\"position-absolute l--bottom text-center text-Abril\" style=\"color: #BCB5B3;font-size: 70px;bottom: -0.5rem\">2<\/div>\n  <div class=\"text-center font-weight-bold position-relative\" style=\"z-index:100\">OPEN BAR TOUJOURS INCLUS<\/div>\n  <div class=\"border-bottom-2 text-center mt-2 mx-auto g--b-c-01\" style=\"width:40px\"><\/div>\n<\/div>\n<div class=\"position-relative mt-5\"> \n  <div class=\"position-absolute l--bottom text-center text-Abril\" style=\"color: #BCB5B3;font-size: 70px;bottom: -0.5rem\">3<\/div>\n  <div class=\"text-center font-weight-bold position-relative\" style=\"z-index:100\">SERVICES POUR LES ENFANTS<\/div>\n  <div class=\"border-bottom-2 text-center mt-2 mx-auto g--b-c-01\" style=\"width:40px\"><\/div>\n<\/div>\n<div class=\"position-relative mt-5\"> \n  <div class=\"position-absolute l--bottom text-center text-Abril\" style=\"color: #BCB5B3;font-size: 70px;bottom: -0.5rem\">4<\/div>\n  <div class=\"text-center font-weight-bold position-relative\" style=\"z-index:100\">EMPLACEMENT CALME PR\u00c8S DE LA MER<\/div>\n  <div class=\"border-bottom-2 text-center mt-2 mx-auto g--b-c-01\" style=\"width:40px\"><\/div>\n<\/div>\n    <\/div>\n\n\n<div class=\"col-12 col-lg-6\"\n     \n\t \n\t>\n        \n<section class=\"wao-blocks-container container-fluid mb-2\"\n\t\t>\n    \n<div class=\"wao-blocks-row row\" >\n    \n\n<div class=\"col-12 col-md-12\"\n     \n\t \n\t>\n        \n\n<h3 class=\"wp-block-heading has-text-align-center\">Demander un devis gratuit<\/h3>\n\n\n\n<div class=\"merida_root\" id=\"merida_block\"><\/div>\n\n<script>\nvar merida_config_merida_block = {\n    customerId: 2704 ,\n    showSuccessModal : true,\n    rootEl: \"merida_block\",\n    childrenAgeMax: 16,\n    childrenAgeMin: 0,\n    layout: \"compact\",\n    language: \"fr\",\n        phoneRequired: true,\n            theme : {\n        colors: {\n            primary: '#aa8641',\n            primaryTextAlt: '#ffffff',\n            secondary: '#450d0d',\n            secondaryTextAlt: '#ffffff',\n            text: '#8b2b3d',\n            error: '#cc0033',\n            formBackground: '#f4f4f4',\n            label: '#450d0d',\n            labelInput: '#450d0d',\n            labelInputActive: '#7ebd6d',\n            inputBackground: '#ffffff',\n            inputBorder: '#b8ac99',\n            checkboxBorder: '#ffffff',\n        }\n    },\n    onSuccess : function(res) {\n        \n                        if (typeof(ga) !== 'undefined') {\n                   ga('send', 'event', 'Email', 'Invio', 'Form');\n                }\n                    }\n};\n\n(function(url, cb) {\n    var s = document.createElement(\"script\");\n    s.type = \"text\/javascript\";\n\n    if (s.readyState) { \/\/IE\n        s.onreadystatechange = function() {\n            if (s.readyState == \"loaded\" || s.readyState == \"complete\") {\n                s.onreadystatechange = null;\n                cb();\n            }\n        };\n    } else { \/\/Others\n        s.onload = function() {\n            cb();\n        };\n    }\n\n    s.src = url;\n    document.getElementsByTagName(\"head\")[0].appendChild(s);\n})(\"https:\/\/static.adriasonline.it\/merida\/latest\/merida.js\", function() {\n    window.aoForm = merida(merida_config_merida_block);\n});\n<\/script>\n    <\/div>\n<\/div>\n<\/section>\n    <\/div>\n<\/div>\n<\/section>","protected":false},"excerpt":{"rendered":"","protected":false},"author":1,"featured_media":0,"parent":0,"menu_order":0,"comment_status":"closed","ping_status":"closed","template":"","meta":{"footnotes":""},"class_list":["post-761","page","type-page","status-publish","hentry"],"_links":{"self":[{"href":"https:\/\/www.hvenus.com\/fr\/wp-json\/wp\/v2\/pages\/761","targetHints":{"allow":["GET"]}}],"collection":[{"href":"https:\/\/www.hvenus.com\/fr\/wp-json\/wp\/v2\/pages"}],"about":[{"href":"https:\/\/www.hvenus.com\/fr\/wp-json\/wp\/v2\/types\/page"}],"author":[{"embeddable":true,"href":"https:\/\/www.hvenus.com\/fr\/wp-json\/wp\/v2\/users\/1"}],"replies":[{"embeddable":true,"href":"https:\/\/www.hvenus.com\/fr\/wp-json\/wp\/v2\/comments?post=761"}],"version-history":[{"count":55,"href":"https:\/\/www.hvenus.com\/fr\/wp-json\/wp\/v2\/pages\/761\/revisions"}],"predecessor-version":[{"id":1396,"href":"https:\/\/www.hvenus.com\/fr\/wp-json\/wp\/v2\/pages\/761\/revisions\/1396"}],"wp:attachment":[{"href":"https:\/\/www.hvenus.com\/fr\/wp-json\/wp\/v2\/media?parent=761"}],"curies":[{"name":"wp","href":"https:\/\/api.w.org\/{rel}","templated":true}]}}